{"id":5036,"date":"2026-01-18T18:07:56","date_gmt":"2026-01-18T17:07:56","guid":{"rendered":"https:\/\/test.ukur.pl\/?page_id=5036"},"modified":"2026-01-26T11:42:11","modified_gmt":"2026-01-26T10:42:11","slug":"aktualnosci","status":"publish","type":"page","link":"https:\/\/test.ukur.pl\/index.php\/aktualnosci\/","title":{"rendered":"Aktualno\u015bci"},"content":{"rendered":"<p>[et_pb_section fb_built=&#8221;1&#8243; _builder_version=&#8221;4.27.5&#8243; _module_preset=&#8221;default&#8221; global_colors_info=&#8221;{}&#8221;][et_pb_row column_structure=&#8221;1_2,1_2&#8243; module_id=&#8221;#blog&#8221; _builder_version=&#8221;4.27.4&#8243; _module_preset=&#8221;default&#8221; global_colors_info=&#8221;{}&#8221;][et_pb_column type=&#8221;1_2&#8243; _builder_version=&#8221;4.27.4&#8243; _module_preset=&#8221;default&#8221; global_colors_info=&#8221;{}&#8221;][et_pb_heading title=&#8221;ukur&#8221; _builder_version=&#8221;4.27.4&#8243; _module_preset=&#8221;default&#8221; title_font=&#8221;|700|||||||&#8221; title_text_align=&#8221;left&#8221; title_text_color=&#8221;#b3ca3e&#8221; title_font_size=&#8221;55px&#8221; title_font_size_tablet=&#8221;55px&#8221; title_font_size_phone=&#8221;55px&#8221; title_font_size_last_edited=&#8221;on|desktop&#8221; global_colors_info=&#8221;{}&#8221;][\/et_pb_heading][et_pb_blog show_more=&#8221;on&#8221; show_author=&#8221;off&#8221; show_categories=&#8221;off&#8221; _builder_version=&#8221;4.27.5&#8243; _module_preset=&#8221;default&#8221; header_font=&#8221;|700|||||||&#8221; body_font=&#8221;||||||||&#8221; body_text_color=&#8221;#000000&#8243; body_line_height=&#8221;1.2em&#8221; read_more_font=&#8221;|600|||||||&#8221; read_more_text_color=&#8221;#a7b287&#8243; read_more_font_size=&#8221;16px&#8221; hover_enabled=&#8221;0&#8243; custom_css_read_more=&#8221;margin-top:24px;&#8221; global_colors_info=&#8221;{}&#8221; custom_css_read_more_last_edited=&#8221;on|desktop&#8221; custom_css_read_more_tablet=&#8221;margin-top:24px;&#8221; custom_css_read_more_phone=&#8221;margin-top:24px;&#8221; sticky_enabled=&#8221;0&#8243;][\/et_pb_blog][\/et_pb_column][et_pb_column type=&#8221;1_2&#8243; _builder_version=&#8221;4.27.4&#8243; _module_preset=&#8221;default&#8221; global_colors_info=&#8221;{}&#8221;][et_pb_heading title=&#8221;prawo rolne&#8221; _builder_version=&#8221;4.27.4&#8243; _module_preset=&#8221;default&#8221; title_font=&#8221;|700|||||||&#8221; title_text_align=&#8221;left&#8221; title_text_color=&#8221;#036248&#8243; title_font_size=&#8221;55px&#8221; title_font_size_tablet=&#8221;55px&#8221; title_font_size_phone=&#8221;55px&#8221; title_font_size_last_edited=&#8221;on|desktop&#8221; global_colors_info=&#8221;{}&#8221;][\/et_pb_heading][et_pb_blog show_more=&#8221;on&#8221; show_author=&#8221;off&#8221; show_categories=&#8221;off&#8221; _builder_version=&#8221;4.27.5&#8243; _module_preset=&#8221;default&#8221; header_font=&#8221;|700|||||||&#8221; body_font=&#8221;||||||||&#8221; body_text_color=&#8221;#000000&#8243; body_line_height=&#8221;1.2em&#8221; read_more_font=&#8221;|600|||||||&#8221; read_more_text_color=&#8221;#98c0b6&#8243; read_more_font_size=&#8221;16px&#8221; custom_css_read_more=&#8221;margin-top:24px;&#8221; global_colors_info=&#8221;{}&#8221; custom_css_read_more_last_edited=&#8221;on|desktop&#8221; custom_css_read_more_tablet=&#8221;margin-top:24px;&#8221; custom_css_read_more_phone=&#8221;margin-top:24px;&#8221;][\/et_pb_blog][\/et_pb_column][\/et_pb_row][et_pb_row module_id=&#8221;kontakt&#8221; _builder_version=&#8221;4.27.5&#8243; _module_preset=&#8221;default&#8221; global_colors_info=&#8221;{}&#8221;][et_pb_column type=&#8221;4_4&#8243; _builder_version=&#8221;4.27.4&#8243; _module_preset=&#8221;default&#8221; global_colors_info=&#8221;{}&#8221;][et_pb_blurb title=&#8221;Skontaktuj si\u0119 z nami&#8221; _builder_version=&#8221;4.27.5&#8243; _module_preset=&#8221;default&#8221; header_font=&#8221;|700|||||||&#8221; header_font_size=&#8221;20px&#8221; body_font=&#8221;||||||||&#8221; body_text_color=&#8221;#4d4d4d&#8221; body_font_size=&#8221;16px&#8221; text_orientation=&#8221;center&#8221; custom_margin=&#8221;64px||||false|false&#8221; header_font_size_last_edited=&#8221;off|desktop&#8221; global_colors_info=&#8221;{}&#8221;]<\/p>\n<p><a href=\"mailto:emailsample@emailsample\">kancelaria@bieluk.pl<\/a>, tel +48 85 663 77 50<\/p>\n<p>[\/et_pb_blurb][\/et_pb_column][\/et_pb_row][et_pb_row column_structure=&#8221;1_3,1_3,1_3&#8243; _builder_version=&#8221;4.27.4&#8243; _module_preset=&#8221;default&#8221; global_colors_info=&#8221;{}&#8221;][et_pb_column type=&#8221;1_3&#8243; _builder_version=&#8221;4.27.4&#8243; _module_preset=&#8221;default&#8221; global_colors_info=&#8221;{}&#8221;][et_pb_team_member name=&#8221;dr Martyna Komarowska-Horosz&#8221; position=&#8221;radczyni prawna&#8221; image_url=&#8221;http:\/\/test.ukur.pl\/wp-content\/uploads\/2025\/11\/portret-MKH2.jpg&#8221; _builder_version=&#8221;4.27.4&#8243; _module_preset=&#8221;default&#8221; header_font=&#8221;|700|||||||&#8221; header_text_color=&#8221;#095c57&#8243; position_font=&#8221;|300|||||||&#8221; position_text_color=&#8221;#000000&#8243; text_orientation=&#8221;center&#8221; custom_css_main_element=&#8221;||&#8221; custom_css_member_image=&#8221;margin-bottom:24px&#8221; global_colors_info=&#8221;{}&#8221; custom_css_member_image_last_edited=&#8221;on|tablet&#8221; custom_css_member_image_tablet=&#8221;margin-left:auto;||margin-right:auto;&#8221; custom_css_member_image_phone=&#8221;margin-left:auto;||margin-right:auto;&#8221;]<\/p>\n<p>szefowa praktyki prawa rolnego i spadkowego w Kancelarii Radc\u00f3w Prawnych<br \/>Bieluk i Partnerzy<\/p>\n<p>[\/et_pb_team_member][\/et_pb_column][et_pb_column type=&#8221;1_3&#8243; _builder_version=&#8221;4.27.4&#8243; _module_preset=&#8221;default&#8221; global_colors_info=&#8221;{}&#8221;][et_pb_team_member name=&#8221;dr hab. Jerzy Bieluk&#8221; position=&#8221;radca prawny&#8221; image_url=&#8221;http:\/\/test.ukur.pl\/wp-content\/uploads\/2025\/11\/portret-JB.jpg&#8221; _builder_version=&#8221;4.27.4&#8243; _module_preset=&#8221;default&#8221; header_font=&#8221;|700|||||||&#8221; header_text_color=&#8221;#095c57&#8243; position_font=&#8221;|300|||||||&#8221; position_text_color=&#8221;#000000&#8243; text_orientation=&#8221;center&#8221; custom_css_free_form=&#8221;.et_pb_team_member :nth-child(2) {||  display:flex;||  flex-direction:column;||  }||.et_pb_team_member :nth-child(2) .et_pb_member_position {||  order:1!important;||  }||.et_pb_team_member :nth-child(2) .et_pb_module_header {||  order:2!important;||  }||.et_pb_team_member :nth-child(3) {||  order:3!important;||  }||&#8221; custom_css_member_image=&#8221;margin-bottom:24px;&#8221; global_colors_info=&#8221;{}&#8221; custom_css_member_image_last_edited=&#8221;on|tablet&#8221; custom_css_member_image_tablet=&#8221;margin-left:auto;||margin-right:auto;&#8221; custom_css_member_image_phone=&#8221;margin-left:auto;||margin-right:auto;&#8221;]<\/p>\n<p>partner w Kancelarii Radc\u00f3w Prawnych<br \/>Bieluk i Partnerzy<\/p>\n<p>[\/et_pb_team_member][\/et_pb_column][et_pb_column type=&#8221;1_3&#8243; _builder_version=&#8221;4.27.4&#8243; _module_preset=&#8221;default&#8221; global_colors_info=&#8221;{}&#8221;][et_pb_team_member name=&#8221;Aneta Okurowska&#8221; position=&#8221;radczyni prawna&#8221; image_url=&#8221;http:\/\/test.ukur.pl\/wp-content\/uploads\/2025\/11\/portret-AO.jpg&#8221; _builder_version=&#8221;4.27.4&#8243; _module_preset=&#8221;default&#8221; header_font=&#8221;|700|||||||&#8221; header_text_color=&#8221;#095c57&#8243; position_font=&#8221;|300|||||||&#8221; position_text_color=&#8221;#000000&#8243; text_orientation=&#8221;center&#8221; custom_css_member_image=&#8221;margin-bottom:24px;&#8221; global_colors_info=&#8221;{}&#8221; custom_css_member_image_last_edited=&#8221;on|tablet&#8221; custom_css_member_image_tablet=&#8221;margin-left:auto;||margin-right:auto;&#8221; custom_css_member_image_phone=&#8221;margin-left:auto;||margin-right:auto;&#8221;]<\/p>\n<p>prawniczka w Kancelarii Radc\u00f3w Prawnych<br \/>Bieluk i Partnerzy<\/p>\n<p>[\/et_pb_team_member][\/et_pb_column][\/et_pb_row][\/et_pb_section]<\/p>\n","protected":false},"excerpt":{"rendered":"<p>kancelaria@bieluk.pl, tel +48 85 663 77 50szefowa praktyki prawa rolnego i spadkowego w Kancelarii Radc\u00f3w PrawnychBieluk i Partnerzypartner w Kancelarii Radc\u00f3w PrawnychBieluk i Partnerzyprawniczka w Kancelarii Radc\u00f3w PrawnychBieluk i Partnerzy<\/p>\n","protected":false},"author":1,"featured_media":0,"parent":0,"menu_order":0,"comment_status":"closed","ping_status":"closed","template":"","meta":{"_et_pb_use_builder":"on","_et_pb_old_content":"","_et_gb_content_width":"","footnotes":""},"class_list":["post-5036","page","type-page","status-publish","hentry"],"aioseo_notices":[],"_links":{"self":[{"href":"https:\/\/test.ukur.pl\/index.php\/wp-json\/wp\/v2\/pages\/5036","targetHints":{"allow":["GET"]}}],"collection":[{"href":"https:\/\/test.ukur.pl\/index.php\/wp-json\/wp\/v2\/pages"}],"about":[{"href":"https:\/\/test.ukur.pl\/index.php\/wp-json\/wp\/v2\/types\/page"}],"author":[{"embeddable":true,"href":"https:\/\/test.ukur.pl\/index.php\/wp-json\/wp\/v2\/users\/1"}],"replies":[{"embeddable":true,"href":"https:\/\/test.ukur.pl\/index.php\/wp-json\/wp\/v2\/comments?post=5036"}],"version-history":[{"count":6,"href":"https:\/\/test.ukur.pl\/index.php\/wp-json\/wp\/v2\/pages\/5036\/revisions"}],"predecessor-version":[{"id":5558,"href":"https:\/\/test.ukur.pl\/index.php\/wp-json\/wp\/v2\/pages\/5036\/revisions\/5558"}],"wp:attachment":[{"href":"https:\/\/test.ukur.pl\/index.php\/wp-json\/wp\/v2\/media?parent=5036"}],"curies":[{"name":"wp","href":"https:\/\/api.w.org\/{rel}","templated":true}]}}